{"id":23978,"date":"2024-02-01T03:48:53","date_gmt":"2024-02-01T09:48:53","guid":{"rendered":"https:\/\/producepay.wpenginepowered.com\/careers\/"},"modified":"2026-03-13T15:55:57","modified_gmt":"2026-03-13T21:55:57","slug":"careers","status":"publish","type":"page","link":"https:\/\/producepay.com\/es\/careers\/","title":{"rendered":"Bolsa de trabajo"},"content":{"rendered":"\n<style><\/style>\n<section id=\"banner-pc-id-947395\" class=\"banner-pc layout-hero enable-curve\" style=\"background-color: #fdf9f0; \">\n\n\t<div class=\"banner-pc__grid grid-container grid-x align-center\">\n\t\t<div class=\"banner-pc__cell grid-x cell small-10 medium-11 xlarge-12 align-middle\">\n\n\t\t\t<div class=\"banner-pc__content cell\">\n\t\t\t\t\n\t\t\t\t\t\n\t\t\t\t\t\t<h1 class=\"banner-pc__title color-text-midnight-green\">\n\t\t\t\t\t\t\t<span style=\"font-size: 50px; color: #133535;\">\u00danete al equipo de ProducePay<\/span>\t\t\t\t\t\t<\/h1>\n\n\t\t\t\t\t\n\t\t\t\t\n\t\t\t\t\t\n\t\t\t\t\t\t\t\t\t\t\t\t<div class=\"banner-pc__text color-text-midnight-green\">\n\t\t\t\t\t\t\t<p><span style=\"font-size: 24px; color: #133535;\">Estamos creciendo y queremos que te unas a nuestra misi\u00f3n de alimentar al mundo de forma sustentable.<\/span><\/p>\n\t\t\t\t\t\t<\/div>\n\n\t\t\t\t\t\n\t\t\t\t\t\t\t<\/div>\n\n\t\t<\/div>\n\t<\/div>\n\n\t<div class=\"banner-pc__media\">\n\t\t\t\t\t<div class=\"banner-pc__media-curve\" style=\"border-color: #fdf9f0;\"><\/div>\n\t\t\n\t\t\n\t\t\n\t\t\t<div class=\"banner-pc__img\">\n\t\t\t\t<div class=\"banner-pc__img-bg\" style=\"background-image: url('https:\/\/producepay.com\/wp-content\/uploads\/2024\/02\/header.image_-2.png');\">\n\t\t\t\t\t<img loading=\"lazy\" decoding=\"async\" style=\"object-position: center center;\" src=\"https:\/\/producepay.com\/wp-content\/uploads\/2024\/02\/header.image_-2.png\" alt=\"header.image\" width=\"684\" height=\"435\">\n\t\t\t\t<\/div>\n\t\t\t<\/div>\n\n\t\t\t<\/div>\n\n<\/section>\n\n\t<div class=\"flexspace desktop\" style=\"margin-top: 10rem;\"><\/div>\n\t<div class=\"flexspace tablet mobile\" style=\"margin-top: 6rem;\"><\/div>\n\n\n\n<section class=\"content-d2 text-center  anim-fade-in-move-up\" style=\"\">\n\t<div class=\"content-d2__grid grid-x align-center grid-container\">\n\t\t<div class=\"content-d2__cell cell small-10 medium-11 xlarge-12\">\n\n\t\t\t<div class=\"content-d2__content\">\n\n\t\t\t\t\n\t\t\t\t\t\n\t\t\t\t\t\t<h2 class=\"content-d2__title margin-center\">\n\t\t\t\t\t\t\t<span style=\"font-size: 36px; color: #133535;\">Conoce nuestras vacantes disponibles<\/span>\t\t\t\t\t\t<\/h2>\n\n\t\t\t\t\t\n\t\t\t\t\n\t\t\t\t\t\n\t\t\t\t\t\t<div class=\"content-d2__border anim-divider-expand gap-20 height-3 margin-center max-width-105\" style=\"background-color: #F3BC48;\"><\/div>\n\n\t\t\t\t\t\n\t\t\t\t\n\t\t\t\t\t\n\t\t\t\t\t\t<div class=\"content-d2__text \">\n\t\t\t\t\t\t\t<div id=\"BambooHR\" data-domain=\"producepay.bamboohr.com\" data-version=\"1.0.0\" data-departmentid=\"\"><\/div>\n<p><script src=\"https:\/\/producepay.bamboohr.com\/js\/embed.js\" type=\"text\/javascript\" async defer><\/script><\/p>\n\t\t\t\t\t\t<\/div>\n\n\t\t\t\t\t\n\t\t\t\t\n\t\t\t<\/div>\n\n\t\t<\/div>\n\t<\/div>\n<\/section>\n\n\t<div class=\"flexspace desktop\" style=\"margin-top: 10rem;\"><\/div>\n\t<div class=\"flexspace tablet mobile\" style=\"margin-top: 6rem;\"><\/div>\n\n\n\t<div class=\"flexspace desktop\" style=\"margin-top: 10rem;\"><\/div>\n\t<div class=\"flexspace tablet mobile\" style=\"margin-top: 6rem;\"><\/div>\n\n\n<style>.form-page-content {\r\npadding: 2rem !important;\r\n}\r\n\r\n.main-label {\r\ncolor: #ffffff;\r\nfont-size: 12.35px;\r\n}\r\n\r\nstrong {\r\ncolor: #ffffff;\r\nfont-size: 12.35px;\r\n}\r\n\r\nspan {\r\nfont-size: 11.73px;\r\ncolor: #ffffff;\r\n}\r\n\r\ninput[type=\"radio\"] {\r\nmargin-right: 0.35rem;\r\n}\r\n\r\nformcraft-icon {\r\ncolor: #ffffff;\r\n}\r\n\r\n.powered-by {\r\ndisplay: none !important;\r\n}\r\n\r\n.submit-cover button span {\r\ncolor: #154344 !important;\r\n}\r\n\r\n.submit-cover button {\r\nborder-radius: 15px !important;\r\n}\r\nspan::after{\r\ncolor: #ffffff !important;\r\n}<\/style>\n<div id=\"background-d-22097\" class=\"background-d anim-fade-in-move-up\">\n\n\n<section class=\"two-column-content-d row-vertical-align-middle\">\n\t<div class=\"two-column-content-d__grid grid-x grid-container align-center\">\n\t\t<div class=\"two-column-content-d__cell cell small-10 medium-11 xlarge-12\">\n\n\t\t\t<div class=\"two-column-content-d__row\">\n\t\t\t\t<div class=\"two-column-content-d__row-grid grid-x align-middle\">\n\n\t\t\t\t\t\n\t\t\t\t\t\t<div class=\"two-column-content-d__col cell width-45p\">\n\t\t\t\t\t\t\t\n\t\t\t\t\t\t\t\t\n\t\t\t\t\t\t\t\t\t<h1 class=\"two-column-content-d__title \">\n\t\t\t\t\t\t\t\t\t\t<span style=\"font-size: 36px; color: #154344\"> \u00bfTienes preguntas?<\/span>\t\t\t\t\t\t\t\t\t<\/h1>\n\n\t\t\t\t\t\t\t\t\n\t\t\t\t\t\t\t\n\t\t\t\t\t\t\t\t\n\t\t\t\t\t\t\t\t\t<div class=\"two-column-content-d__content \" style=\"\">\n\t\t\t\t\t\t\t\t\t\t<p><span style=\"font-size: 22px; color: #154344;\">Ponte en contacto con alguien de nuestro equipo.<\/span><\/p>\n\t\t\t\t\t\t\t\t\t<\/div>\n\n\t\t\t\t\t\t\t\t\n\t\t\t\t\t\t\t\t\t\t\t\t\t<\/div>\n\n\t\t\t\t\t\n\t\t\t\t\t\t<div class=\"two-column-content-d__col cell width-55p\">\n\t\t\t\t\t\t\t\n\t\t\t\t\t\t\t\t\n\t\t\t\t\t\t\t\t\t<div class=\"two-column-content-d__content add-background border-radius-15 color-text-white padding-h-55 padding-v-55\" style=\"background-color: #133535; background-position: right bottom; background-repeat: no-repeat;\">\n\t\t\t\t\t\t\t\t\t\t<div data-uniq='69f4fd7bcdaa0' class='uniq-69f4fd7bcdaa0 formcraft-css form-live align-left'><script> window.formcraftLogic = window.formcraftLogic || {}; window.formcraftLogic[5] = []; <\/script><\/p>\n<div class=\"fc-pagination-cover fc-pagination-1\">\n<div class=\"fc-pagination width-100\">\n\t\t\t\t\t<!-- ngRepeat: page in Builder.FormElements track by $index --><\/p>\n<div class=\"pagination-trigger \" data-index=\"0\">\n\t\t\t\t\t\t<span class=\"page-number\"><span >1<\/span><\/span><br \/>\n\t\t\t\t\t\t<span class=\"page-name \">Step 1<\/span><\/p><\/div>\n<p><!-- end ngRepeat: page in Builder.FormElements track by $index -->\n\t\t\t\t<\/div>\n<\/p><\/div>\n<style scoped=\"scoped\" >\n\t\t\t@media (max-width : 480px) {\n\t\t\t\t.fc_modal-dialog-5 .fc-pagination-cover .fc-pagination\n\t\t\t\t{\n\t\t\t\t\tbackground-color: #ffffff !important;\n\t\t\t\t}\n\t\t\t}\n\t\t\t\t\t\t.formcraft-css .fc-form.fc-form-5 .form-element .submit-cover .submit-button,\n\t\t\t.formcraft-css .fc-form.fc-form-5 .form-element .fileupload-cover .button-file,\n\t\t\t.formcraft-css .fc-form.fc-form-5 .form-element .field-cover .button,\n\t\t\t.formcraft-datepicker .ui-datepicker-header,\n\t\t\t.formcraft-datepicker .ui-datepicker-title\n\t\t\t{\n\t\t\t\tbackground: #ffffff;\n\t\t\t\tcolor: #fff;\n\t\t\t}\n\t\t\t.formcraft-datepicker td .ui-state-active,\n\t\t\t.formcraft-datepicker td .ui-state-hover,\n\t\t\t.formcraft-css .fc-form.fc-form-5 .form-element .slider-cover .ui-slider-range\n\t\t\t{\n\t\t\t\tbackground: #ffffff;\n\t\t\t}\n\t\t\t#ui-datepicker-div.formcraft-datepicker .ui-datepicker-header,\n\t\t\t.formcraft-css .fc-form .field-cover>div.full hr\n\t\t\t{\n\t\t\t\tborder-color: #e0e0e0;\n\t\t\t}\n\t\t\t#ui-datepicker-div.formcraft-datepicker .ui-datepicker-prev:hover,\n\t\t\t#ui-datepicker-div.formcraft-datepicker .ui-datepicker-next:hover,\n\t\t\t#ui-datepicker-div.formcraft-datepicker select.ui-datepicker-month:hover,\n\t\t\t#ui-datepicker-div.formcraft-datepicker select.ui-datepicker-year:hover\n\t\t\t{\n\t\t\t\tbackground-color: #e0e0e0;\n\t\t\t}\n\t\t\t.formcraft-css .fc-pagination>div.active .page-number,\n\t\t\t.formcraft-css .form-cover-builder .fc-pagination>div:first-child .page-number\n\t\t\t{\n\t\t\t\tbackground-color: #4488ee;\n\t\t\t\tcolor: #fff;\n\t\t\t}\n\t\t\t#ui-datepicker-div.formcraft-datepicker table.ui-datepicker-calendar th,\n\t\t\t#ui-datepicker-div.formcraft-datepicker table.ui-datepicker-calendar td.ui-datepicker-today a,\n\t\t\t.formcraft-css .fc-form.fc-form-5 .form-element .star-cover label,\n\t\t\thtml .formcraft-css .fc-form.label-floating .form-element .field-cover.has-focus>span,\n\t\t\t.formcraft-css .fc-form.fc-form-5 .form-element .customText-cover a,\n\t\t\t.formcraft-css .prev-next>div span:hover\n\t\t\t{\n\t\t\t\tcolor: #ffffff;\n\t\t\t}\n\t\t\t.formcraft-css .fc-form.fc-form-5 .form-element .customText-cover a:hover\n\t\t\t{\n\t\t\t\tcolor: #e0e0e0;\n\t\t\t}\n\t\t\thtml .formcraft-css .fc-form.fc-form-5.label-floating .form-element .field-cover > span\n\t\t\t{\n\t\t\t\tcolor: #ffffff;\n\t\t\t}\n\t\t\thtml .formcraft-css .fc-form .final-success .final-success-check {\n\t\t\t\tborder: 2px solid #ffffff;\n\t\t\t}\n\t\t\t.formcraft-css .fc-form.fc-form-5 .form-element .field-cover input[type=\"text\"],\n\t\t\t.formcraft-css .fc-form.fc-form-5 .form-element .field-cover input[type=\"email\"],\n\t\t\t.formcraft-css .fc-form.fc-form-5 .form-element .field-cover input[type=\"password\"],\n\t\t\t.formcraft-css .fc-form.fc-form-5 .form-element .field-cover input[type=\"tel\"],\n\t\t\t.formcraft-css .fc-form.fc-form-5 .form-element .field-cover textarea,\n\t\t\t.formcraft-css .fc-form.fc-form-5 .form-element .field-cover select,\n\t\t\t.formcraft-css .fc-form.fc-form-5 .form-element .field-cover .time-fields-cover,\n\t\t\t.formcraft-css .fc-form.fc-form-5 .form-element .field-cover .awesomplete ul\n\t\t\t{\n\t\t\t\tcolor: #ffffff;\n\t\t\t}\n\t\t\t.formcraft-css .fc-form.fc-form-5 .form-element .field-cover input[type=\"text\"],\n\t\t\t.formcraft-css .fc-form.fc-form-5 .form-element .field-cover input[type=\"password\"],\n\t\t\t.formcraft-css .fc-form.fc-form-5 .form-element .field-cover input[type=\"email\"],\n\t\t\t.formcraft-css .fc-form.fc-form-5 .form-element .field-cover input[type=\"radio\"],\n\t\t\t.formcraft-css .fc-form.fc-form-5 .form-element .field-cover input[type=\"checkbox\"],\n\t\t\t.formcraft-css .fc-form.fc-form-5 .form-element .field-cover input[type=\"tel\"],\n\t\t\t.formcraft-css .fc-form.fc-form-5 .form-element .field-cover select,\n\t\t\t.formcraft-css .fc-form.fc-form-5 .form-element .field-cover textarea\n\t\t\t{\n\t\t\t\tbackground-color: #fafafa;\n\t\t\t}\n\t\t\t.formcraft-css .fc-form.fc-form-5 .form-element .field-cover input[type=\"radio\"]:checked,\n\t\t\t.formcraft-css .fc-form.fc-form-5 .form-element .field-cover input[type=\"checkbox\"]:checked {\n\t\t\t\tborder-color: #e0e0e0;\n\t\t\t\tbackground: #ffffff;\t\t\t\t\n\t\t\t}\n\t\t\t.formcraft-css .fc-form.fc-form-5 .form-element .star-cover label .star\n\t\t\t{\n\t\t\t\ttext-shadow: 0px 1px 0px #e0e0e0;\n\t\t\t}\n\t\t\t.formcraft-css .fc-form.fc-form-5 .form-element .slider-cover .ui-slider-range\n\t\t\t{\n\t\t\t\tbox-shadow: 0px 1px 1px #e0e0e0 inset;\n\t\t\t}\n\t\t\t.formcraft-css .fc-form.fc-form-5 .form-element .fileupload-cover .button-file\n\t\t\t{\n\t\t\t\tborder-color: #e0e0e0;\n\t\t\t}\n\t\t\t.formcraft-css .fc-form.fc-form-5 .form-element .form-element-html input[type=\"password\"]:focus,\n\t\t\t.formcraft-css .fc-form.fc-form-5 .form-element .form-element-html input[type=\"email\"]:focus,\n\t\t\t.formcraft-css .fc-form.fc-form-5 .form-element .form-element-html input[type=\"tel\"]:focus,\n\t\t\t.formcraft-css .fc-form.fc-form-5 .form-element .form-element-html input[type=\"text\"]:focus,\n\t\t\t.formcraft-css .fc-form.fc-form-5 .form-element .form-element-html textarea:focus,\n\t\t\t.formcraft-css .fc-form.fc-form-5 .form-element .form-element-html select:focus\n\t\t\t{\n\t\t\t\tborder-color: #ffffff;\n\t\t\t}\n\t\t\t.formcraft-css .fc-form.fc-form-5 .form-element .form-element-html .field-cover .is-read-only:focus {\n\t\t\t\tborder-color: #ccc;\n\t\t\t}\n\t\t\t.formcraft-css .fc-form.fc-form-5\t\t\t{\n\t\t\t\tfont-family: inherit;\n\t\t\t}\n\t\t\t@media (max-width : 480px) {\n\t\t\t\thtml .dedicated-page,\n\t\t\t\thtml .dedicated-page .formcraft-css .fc-pagination > div.active\n\t\t\t\t{\n\t\t\t\t\tbackground: #ffffff;\n\t\t\t\t}\n\t\t\t}\n\t\t<\/style>\n<div class=\"form-cover\">\n<form data-auto-scroll=\"\" data-no-message-redirect=\"\" data-thousand=\"\" data-decimal=\".\" data-delay=\"\" data-id=\"5\" class=\"fc-form fc-form-5 align- fc-temp-class save-form- dont-submit-hidden- remove-asterisk- disable-enter- label-block field-border-visible frame-visible icons-hide-true field-alignment-left options-fade  \" style=\"width: 100%; color: #ffffff; font-size: 100%; background: #ffffff\">\n\t\t\t\t<!-- ngRepeat: page in Builder.FormElements track by $index --><\/p>\n<div class=\"form-page form-page-0\" data-index=\"0\">\n<div class=\"form-page-content      ng-not-empty\">\n<div data-identifier=\"field5\" data-index=\"0\" style=\"width: 100%\" class=\" form-element form-element-field5 form-element-0 default-false form-element-type-oneLineText is-required-true odd -handle options-true\">\n<div class=\"form-element-html\">\n<div ><label class=\"oneLineText-cover field-cover \"><span class=\"sub-label-false\"><span class=\"main-label\"><span >Nombre<\/span><\/span><span class=\"sub-label\"><\/span><\/span><\/p>\n<div><span class=\"error\"><\/span><input type=\"text\" placeholder=\"\" make-read-only=\"false\" data-field-id=\"field5\" name=\"field5[]\" data-min-char=\"\" data-max-char=\"\" data-val-type=\"\" data-regexp=\"\" data-is-required=\"true\" data-allow-spaces=\"false\" class=\"validation-lenient\" data-placement=\"right\" data-toggle=\"tooltip\" tooltip=\"\" data-trigger=\"focus\" data-html=\"true\" data-input-mask=\"\" data-mask-placeholder=\"\" data-original-title=\"\"><i class=\"formcraft-icon formcraft-icon-type-\"><\/i><\/div>\n<p><\/label><\/div>\n<\/div><\/div>\n<div data-identifier=\"field14\" data-index=\"1\" style=\"width: 100%\" class=\" even form-element form-element-field14 form-element-1 default-false form-element-type-email is-required-true -handle options-true\">\n<div class=\"form-element-html\">\n<div ><label class=\"email-cover field-cover \"><span class=\"sub-label-true\"><span class=\"main-label\"><span >Correo electr\u00f3nico<\/span><\/span><span class=\"sub-label\"><\/span><\/span><\/p>\n<div><span class=\"error\"><\/span><input placeholder=\"\" data-field-id=\"field14\" type=\"text\" data-val-type=\"email\" make-read-only=\"\" data-is-required=\"true\" name=\"field14\" class=\"validation-lenient\" data-placement=\"right\" data-toggle=\"tooltip\" tooltip=\"\" data-trigger=\"focus\" data-html=\"true\" data-original-title=\"\"><i class=\"formcraft-icon\">email<\/i><\/div>\n<p><\/label><\/div>\n<\/div><\/div>\n<div data-identifier=\"field7\" data-index=\"2\" style=\"width: 100%\" class=\" form-element form-element-field7 form-element-2 default-false form-element-type-oneLineText is-required-true odd -handle options-true\">\n<div class=\"form-element-html\">\n<div ><label class=\"oneLineText-cover field-cover \"><span class=\"sub-label-false\"><span class=\"main-label\"><span >Tel\u00e9fono<\/span><\/span><span class=\"sub-label\"><\/span><\/span><\/p>\n<div><span class=\"error\"><\/span><input type=\"text\" placeholder=\"\" make-read-only=\"false\" data-field-id=\"field7\" name=\"field7[]\" data-min-char=\"\" data-max-char=\"\" data-val-type=\"numbers\" data-regexp=\"\" data-is-required=\"true\" data-allow-spaces=\"\" class=\"validation-lenient\" data-placement=\"right\" data-toggle=\"tooltip\" tooltip=\"\" data-trigger=\"focus\" data-html=\"true\" data-input-mask=\"\" data-mask-placeholder=\"\" data-original-title=\"\"><i class=\"formcraft-icon formcraft-icon-type-\"><\/i><\/div>\n<p><\/label><\/div>\n<\/div><\/div>\n<div data-identifier=\"field11\" data-index=\"3\" style=\"width: 100%\" class=\" even form-element form-element-field11 form-element-3 default-false form-element-type-textarea is-required-true -handle options-true\">\n<div class=\"form-element-html\">\n<div ><label class=\"textarea-cover field-cover \"><span class=\"sub-label-false\"><span class=\"main-label\"><span >Mensaje<\/span><\/span><span class=\"sub-label\"><\/span><\/span><\/p>\n<div><span class=\"error\"><\/span><textarea data-field-id=\"field11\" placeholder=\"\" class=\"validation-lenient\" name=\"field11\" value=\"\" rows=\"5\" data-min-char=\"\" data-max-char=\"\" data-is-required=\"true\" data-placement=\"right\" data-toggle=\"tooltip\" tooltip=\"\" data-trigger=\"focus\" data-html=\"true\" data-original-title=\"\" style=\"min-height: 110.4px\"><\/textarea><\/p>\n<div class=\"count-\"><span class=\"current-count\">0<\/span> \/ <span class=\"max-count \"><\/span><\/div>\n<\/div>\n<p><\/label><\/div>\n<\/div><\/div>\n<div data-identifier=\"field15\" data-index=\"4\" style=\"width: 100%\" class=\" form-element form-element-field15 options-false form-element-4 default-false form-element-type-submit is-required-false odd -handle\">\n<div class=\"form-element-html\">\n<div >\n<div class=\"align-left wide-false submit-cover field-cover\"><button type=\"submit\" class=\"button submit-button\"><span class=\"text \">Enviar<\/span><span class=\"spin-cover\"><i style=\"color:\" class=\"loading-icon icon-cog animate-spin\"><\/i><\/span><\/button><\/div>\n<div class=\"submit-response \"><\/div>\n<p><label ><input type=\"text\" class=\"required_field\" name=\"website\" autocomplete=\"maple-syrup-pot\"><\/label><\/div>\n<\/div><\/div>\n<\/p><\/div>\n<\/p><\/div>\n<p><!-- end ngRepeat: page in Builder.FormElements track by $index --><br \/>\n\t\t\t<\/form>\n<div class=\"prev-next prev-next-1\" style=\"width: 100%; color: #ffffff; font-size: 100%; background: #ffffff\">\n<div>\n<p>\t\t\t\t\t<span class=\"inactive page-prev \"><i class=\"formcraft-icon\">keyboard_arrow_left<\/i>Previous<\/span><\/div>\n<div>\n<p>\t\t\t\t\t<span class=\"page-next \">Next<i class=\"formcraft-icon\">keyboard_arrow_right<\/i><\/span><\/div>\n<\/p><\/div>\n<\/p><\/div>\n<p><a class=\"powered-by\" target=\"_blank\" href=\"http:\/\/formcraft-wp.com?source=pb\"\/>FormCraft &#8211; WordPress form builder<\/a><\/div>\n\t\t\t\t\t\t\t\t\t<\/div>\n\n\t\t\t\t\t\t\t\t\n\t\t\t\t\t\t\t\t\t\t\t\t\t<\/div>\n\n\t\t\t\t\t\n\t\t\t\t<\/div>\n\t\t\t<\/div>\n\n\t\t<\/div>\n\t<\/div>\n<\/section>\n\n<\/div>\n\n\t<div class=\"flexspace desktop\" style=\"margin-top: 10rem;\"><\/div>\n\t<div class=\"flexspace tablet mobile\" style=\"margin-top: 6rem;\"><\/div>\n","protected":false},"excerpt":{"rendered":"","protected":false},"author":34,"featured_media":0,"parent":0,"menu_order":0,"comment_status":"closed","ping_status":"closed","template":"","meta":{"_acf_changed":false,"footnotes":""},"categories":[],"tags":[],"class_list":["post-23978","page","type-page","status-publish","hentry"],"acf":[],"yoast_head":"<!-- This site is optimized with the Yoast SEO Premium plugin v24.3 (Yoast SEO v27.5) - https:\/\/yoast.com\/product\/yoast-seo-premium-wordpress\/ -->\n<title>Bolsa de trabajo - ProducePay<\/title>\n<meta name=\"description\" content=\"Revisa nuestras posiciones, encuentra tu siguiente oportunidad y \u00fanete en nuestra misi\u00f3n de transformar la industria agr\u00edcola global.\" \/>\n<meta name=\"robots\" content=\"index, follow, max-snippet:-1, max-image-preview:large, max-video-preview:-1\" \/>\n<link rel=\"canonical\" href=\"https:\/\/producepay.com\/es\/careers\/\" \/>\n<meta property=\"og:locale\" content=\"es_ES\" \/>\n<meta property=\"og:type\" content=\"article\" \/>\n<meta property=\"og:title\" content=\"Bolsa de trabajo\" \/>\n<meta property=\"og:description\" content=\"Revisa nuestras posiciones, encuentra tu siguiente oportunidad y \u00fanete en nuestra misi\u00f3n de transformar la industria agr\u00edcola global.\" \/>\n<meta property=\"og:url\" content=\"https:\/\/producepay.com\/es\/careers\/\" \/>\n<meta property=\"og:site_name\" content=\"ProducePay\" \/>\n<meta property=\"article:modified_time\" content=\"2026-03-13T21:55:57+00:00\" \/>\n<meta name=\"twitter:card\" content=\"summary_large_image\" \/>\n<script type=\"application\/ld+json\" class=\"yoast-schema-graph\">{\"@context\":\"https:\\\/\\\/schema.org\",\"@graph\":[{\"@type\":\"WebPage\",\"@id\":\"https:\\\/\\\/producepay.com\\\/es\\\/careers\\\/\",\"url\":\"https:\\\/\\\/producepay.com\\\/es\\\/careers\\\/\",\"name\":\"Bolsa de trabajo - ProducePay\",\"isPartOf\":{\"@id\":\"https:\\\/\\\/producepay.wpenginepowered.com\\\/#website\"},\"datePublished\":\"2024-02-01T09:48:53+00:00\",\"dateModified\":\"2026-03-13T21:55:57+00:00\",\"description\":\"Revisa nuestras posiciones, encuentra tu siguiente oportunidad y \u00fanete en nuestra misi\u00f3n de transformar la industria agr\u00edcola global.\",\"breadcrumb\":{\"@id\":\"https:\\\/\\\/producepay.com\\\/es\\\/careers\\\/#breadcrumb\"},\"inLanguage\":\"es\",\"potentialAction\":[{\"@type\":\"ReadAction\",\"target\":[\"https:\\\/\\\/producepay.com\\\/es\\\/careers\\\/\"]}]},{\"@type\":\"BreadcrumbList\",\"@id\":\"https:\\\/\\\/producepay.com\\\/es\\\/careers\\\/#breadcrumb\",\"itemListElement\":[{\"@type\":\"ListItem\",\"position\":1,\"name\":\"Home\",\"item\":\"https:\\\/\\\/producepay.com\\\/es\\\/\"},{\"@type\":\"ListItem\",\"position\":2,\"name\":\"Bolsa de trabajo\"}]},{\"@type\":\"WebSite\",\"@id\":\"https:\\\/\\\/producepay.wpenginepowered.com\\\/#website\",\"url\":\"https:\\\/\\\/producepay.wpenginepowered.com\\\/\",\"name\":\"ProducePay\",\"description\":\"\",\"potentialAction\":[{\"@type\":\"SearchAction\",\"target\":{\"@type\":\"EntryPoint\",\"urlTemplate\":\"https:\\\/\\\/producepay.wpenginepowered.com\\\/?s={search_term_string}\"},\"query-input\":{\"@type\":\"PropertyValueSpecification\",\"valueRequired\":true,\"valueName\":\"search_term_string\"}}],\"inLanguage\":\"es\"}]}<\/script>\n<!-- \/ Yoast SEO Premium plugin. -->","yoast_head_json":{"title":"Bolsa de trabajo - ProducePay","description":"Revisa nuestras posiciones, encuentra tu siguiente oportunidad y \u00fanete en nuestra misi\u00f3n de transformar la industria agr\u00edcola global.","robots":{"index":"index","follow":"follow","max-snippet":"max-snippet:-1","max-image-preview":"max-image-preview:large","max-video-preview":"max-video-preview:-1"},"canonical":"https:\/\/producepay.com\/es\/careers\/","og_locale":"es_ES","og_type":"article","og_title":"Bolsa de trabajo","og_description":"Revisa nuestras posiciones, encuentra tu siguiente oportunidad y \u00fanete en nuestra misi\u00f3n de transformar la industria agr\u00edcola global.","og_url":"https:\/\/producepay.com\/es\/careers\/","og_site_name":"ProducePay","article_modified_time":"2026-03-13T21:55:57+00:00","twitter_card":"summary_large_image","schema":{"@context":"https:\/\/schema.org","@graph":[{"@type":"WebPage","@id":"https:\/\/producepay.com\/es\/careers\/","url":"https:\/\/producepay.com\/es\/careers\/","name":"Bolsa de trabajo - ProducePay","isPartOf":{"@id":"https:\/\/producepay.wpenginepowered.com\/#website"},"datePublished":"2024-02-01T09:48:53+00:00","dateModified":"2026-03-13T21:55:57+00:00","description":"Revisa nuestras posiciones, encuentra tu siguiente oportunidad y \u00fanete en nuestra misi\u00f3n de transformar la industria agr\u00edcola global.","breadcrumb":{"@id":"https:\/\/producepay.com\/es\/careers\/#breadcrumb"},"inLanguage":"es","potentialAction":[{"@type":"ReadAction","target":["https:\/\/producepay.com\/es\/careers\/"]}]},{"@type":"BreadcrumbList","@id":"https:\/\/producepay.com\/es\/careers\/#breadcrumb","itemListElement":[{"@type":"ListItem","position":1,"name":"Home","item":"https:\/\/producepay.com\/es\/"},{"@type":"ListItem","position":2,"name":"Bolsa de trabajo"}]},{"@type":"WebSite","@id":"https:\/\/producepay.wpenginepowered.com\/#website","url":"https:\/\/producepay.wpenginepowered.com\/","name":"ProducePay","description":"","potentialAction":[{"@type":"SearchAction","target":{"@type":"EntryPoint","urlTemplate":"https:\/\/producepay.wpenginepowered.com\/?s={search_term_string}"},"query-input":{"@type":"PropertyValueSpecification","valueRequired":true,"valueName":"search_term_string"}}],"inLanguage":"es"}]}},"_links":{"self":[{"href":"https:\/\/producepay.com\/es\/wp-json\/wp\/v2\/pages\/23978","targetHints":{"allow":["GET"]}}],"collection":[{"href":"https:\/\/producepay.com\/es\/wp-json\/wp\/v2\/pages"}],"about":[{"href":"https:\/\/producepay.com\/es\/wp-json\/wp\/v2\/types\/page"}],"author":[{"embeddable":true,"href":"https:\/\/producepay.com\/es\/wp-json\/wp\/v2\/users\/34"}],"replies":[{"embeddable":true,"href":"https:\/\/producepay.com\/es\/wp-json\/wp\/v2\/comments?post=23978"}],"version-history":[{"count":4,"href":"https:\/\/producepay.com\/es\/wp-json\/wp\/v2\/pages\/23978\/revisions"}],"predecessor-version":[{"id":33381,"href":"https:\/\/producepay.com\/es\/wp-json\/wp\/v2\/pages\/23978\/revisions\/33381"}],"wp:attachment":[{"href":"https:\/\/producepay.com\/es\/wp-json\/wp\/v2\/media?parent=23978"}],"wp:term":[{"taxonomy":"category","embeddable":true,"href":"https:\/\/producepay.com\/es\/wp-json\/wp\/v2\/categories?post=23978"},{"taxonomy":"post_tag","embeddable":true,"href":"https:\/\/producepay.com\/es\/wp-json\/wp\/v2\/tags?post=23978"}],"curies":[{"name":"wp","href":"https:\/\/api.w.org\/{rel}","templated":true}]}}