{"id":23713,"date":"2024-01-24T09:52:49","date_gmt":"2024-01-24T15:52:49","guid":{"rendered":"https:\/\/producepay.wpenginepowered.com\/?page_id=23713"},"modified":"2026-03-19T12:53:07","modified_gmt":"2026-03-19T18:53:07","slug":"predictable-commerce","status":"publish","type":"page","link":"https:\/\/producepay.com\/es\/predictable-commerce\/","title":{"rendered":"Predictable Commerce"},"content":{"rendered":"\n<style><\/style>\n<section id=\"banner-pc-id-965375\" class=\"banner-pc layout-hero enable-curve\" style=\"background-color: #fdf9f0; \">\n\n\t<div class=\"banner-pc__grid grid-container grid-x align-center\">\n\t\t<div class=\"banner-pc__cell grid-x cell small-10 medium-11 xlarge-12 align-middle\">\n\n\t\t\t<div class=\"banner-pc__content cell\">\n\t\t\t\t\n\t\t\t\t\t\n\t\t\t\t\t\t<h1 class=\"banner-pc__title color-text-midnight-green\">\n\t\t\t\t\t\t\t\u00bfQu\u00e9 es Comercio Predecible?\t\t\t\t\t\t<\/h1>\n\n\t\t\t\t\t\n\t\t\t\t\n\t\t\t\t\t\n\t\t\t\t\t\t\t\t\t\t\t\t<div class=\"banner-pc__text color-text-midnight-green paragraph\">\n\t\t\t\t\t\t\t<p>Reducir la volatilidad mediante un acceso sin precedentes a capital, una red global de comercio, informaci\u00f3n y visibilidad de la cadena de suministro.<\/p>\n\t\t\t\t\t\t<\/div>\n\n\t\t\t\t\t\n\t\t\t\t\t\t\t<\/div>\n\n\t\t<\/div>\n\t<\/div>\n\n\t<div class=\"banner-pc__media\">\n\t\t\t\t\t<div class=\"banner-pc__media-curve\" style=\"border-color: #fdf9f0;\"><\/div>\n\t\t\n\t\t\n\t\t\n\t\t\t<div class=\"banner-pc__img\">\n\t\t\t\t<div class=\"banner-pc__img-bg\" style=\"background-image: url('https:\/\/producepay.com\/wp-content\/uploads\/2024\/01\/FarmerAgreement_Lead-1-scaled-e1718918731560.jpg');\">\n\t\t\t\t\t<img loading=\"lazy\" decoding=\"async\" style=\"object-position: center center;\" src=\"https:\/\/producepay.com\/wp-content\/uploads\/2024\/01\/FarmerAgreement_Lead-1-scaled-e1718918731560.jpg\" alt=\"FarmerAgreement_Lead 1\" width=\"2560\" height=\"1651\">\n\t\t\t\t<\/div>\n\t\t\t<\/div>\n\n\t\t\t<\/div>\n\n<\/section>\n\n\t<div class=\"flexspace desktop tablet mobile\" style=\"margin-top: 6.5rem;\"><\/div>\n\n\n\n<section class=\"content-d2 text-center  anim-fade-in-move-up\" style=\"\">\n\t<div class=\"content-d2__grid grid-x align-center grid-container\">\n\t\t<div class=\"content-d2__cell cell small-10 medium-11 xlarge-12\">\n\n\t\t\t<div class=\"content-d2__content\">\n\n\t\t\t\t\n\t\t\t\t\t\n\t\t\t\t\t\t<h2 class=\"content-d2__title margin-center max-width-940\">\n\t\t\t\t\t\t\t\u00bfPor qu\u00e9 el sector agr\u00edcola es tan vol\u00e1til?\t\t\t\t\t\t<\/h2>\n\n\t\t\t\t\t\n\t\t\t\t\n\t\t\t\t\t\n\t\t\t\t\t\t<div class=\"content-d2__border anim-divider-expand gap-20 height-3 margin-center max-width-105\" style=\"background-color: #F3BC48;\"><\/div>\n\n\t\t\t\t\t\n\t\t\t\t\n\t\t\t\t\t\n\t\t\t\t\t\t<div class=\"content-d2__text font-weight-medium margin-center max-width-840\">\n\t\t\t\t\t\t\t<p>El sector hortofrut\u00edcola es uno de los m\u00e1s vol\u00e1tiles del mundo. Un solo env\u00edo de productos suele viajar m\u00e1s de 2,500km y pasar por entre cuatro y ocho intermediarios. En el camino, factores como clima impredecible, mercados fluctuantes, enfermedades y plagas en los cultivos, crean un estado constante de inestabilidad que impacta a toda la cadena de suministro.<\/p>\n<p>Esta volatilidad e impredecibilidad, junto con la fragmentaci\u00f3n y especulaci\u00f3n en la cadena, generan enormes ineficiencias y desperdicio.<\/p>\n\t\t\t\t\t\t<\/div>\n\n\t\t\t\t\t\n\t\t\t\t\n\t\t\t<\/div>\n\n\t\t<\/div>\n\t<\/div>\n<\/section>\n\n\t<div class=\"flexspace desktop tablet mobile\" style=\"margin-top: 6.5rem;\"><\/div>\n\n\n<style><\/style>\n<div id=\"background-d-52118\" class=\"background-d anim-fade-in-move-up\">\n<style><\/style>\n<div id=\"background-d-default-48399\" class=\"background-d__default\" style=\"background-color: #f3f5f5; background-position: center center !important; background-size: cover;\">\n\t<\/div>\n\n\t<div class=\"flexspace desktop tablet mobile\" style=\"padding-bottom: 6.5rem;\"><\/div>\n\n\n\n<section class=\"content-d2 text-center  anim-fade-in-move-up\" style=\"\">\n\t<div class=\"content-d2__grid grid-x align-center grid-container\">\n\t\t<div class=\"content-d2__cell cell small-10 medium-11 xlarge-12\">\n\n\t\t\t<div class=\"content-d2__content\">\n\n\t\t\t\t\n\t\t\t\t\t\n\t\t\t\t\t\t<h2 class=\"content-d2__title margin-center\">\n\t\t\t\t\t\t\tComo hacemos el comercio m\u00e1s predecible \t\t\t\t\t\t<\/h2>\n\n\t\t\t\t\t\n\t\t\t\t\n\t\t\t\t\t\n\t\t\t\t\t\t<div class=\"content-d2__border anim-divider-expand gap-20 height-3 margin-center max-width-105\" style=\"background-color: #F3BC48;\"><\/div>\n\n\t\t\t\t\t\n\t\t\t\t\n\t\t\t<\/div>\n\n\t\t<\/div>\n\t<\/div>\n<\/section>\n\n\t<div class=\"flexspace desktop tablet mobile\" style=\"padding-bottom: 2rem;\"><\/div>\n\n\n<section class=\"column-content-ca col-gap-45 anim-fade-in-move-up\">\n\t<div class=\"column-content-ca__grid grid-x grid-container align-center\">\n\t\t<div class=\"column-content-ca__cell cell small-10 medium-11 xlarge-12\">\n\n\t\t\t<div class=\"column-content-ca__row\">\n\t\t\t\t<div class=\"column-content-ca__row-grid grid-x align-center\">\n\n\t\t\t\t\t\n\t\t\t\t\t\t\n\t\t\t\t\t\t\t<div class=\"column-content-ca__col cell col-4\">\n\n\t\t\t\t\t\t\t\t<div class=\"o-cc-ca-ic1 \" style=\"background-color: #ffffff;\">\n\n\t\t\t\t\t\t\t\t\t<div class=\"o-cc-ca-ic1__content\">\n\t\t\t\t\t\t\t\t\t\t<div class=\"o-cc-ca-ic1__title grid-x align-middle\">\n\t\t\t\t\t\t\t\t\t\t\t<div class=\"o-cc-ca-ic1__title-icon cell shrink\">\n\t\t\t\t\t\t\t\t\t\t\t\t<img loading=\"lazy\" decoding=\"async\" src=\"https:\/\/producepay.com\/wp-content\/uploads\/2024\/01\/Transparency.svg\" alt=\"https:\/\/producepay.com\/wp-content\/uploads\/2024\/01\/Transparency.svg\" width=\"38\" height=\"40\" \/>\n\t\t\t\t\t\t\t\t\t\t\t<\/div>\n\n\t\t\t\t\t\t\t\t\t\t\t\t\t\t\t\t\t\t\t\t\t\t\t<h2 class=\"o-cc-ca-ic1__title-text cell auto\">\n\t\t\t\t\t\t\t\t\t\t\t\t\tTransparencia\t\t\t\t\t\t\t\t\t\t\t\t<\/h2>\n\t\t\t\t\t\t\t\t\t\t\t\t\t\t\t\t\t\t\t\t\t<\/div>\n\n\t\t\t\t\t\t\t\t\t\t<div class=\"o-cc-ca-ic1__text\">\n\t\t\t\t\t\t\t\t\t\t\t<p>Propiciamos una cadena de suministro m\u00e1s conectada, mediante el acceso a capital, tecnolog\u00eda y una red global.<\/p>\n\t\t\t\t\t\t\t\t\t\t<\/div>\n\n\t\t\t\t\t\t\t\t\t\t\t\t\t\t\t\t\t\t\t<\/div>\n\n\t\t\t\t\t\t\t\t\t\n\t\t\t\t\t\t\t\t<\/div>\n\n\t\t\t\t\t\t\t<\/div>\n\n\t\t\t\t\t\t\n\t\t\t\t\t\n\t\t\t\t\t\t\n\t\t\t\t\t\t\t<div class=\"column-content-ca__col cell col-4\">\n\n\t\t\t\t\t\t\t\t<div class=\"o-cc-ca-ic1 \" style=\"background-color: #ffffff;\">\n\n\t\t\t\t\t\t\t\t\t<div class=\"o-cc-ca-ic1__content\">\n\t\t\t\t\t\t\t\t\t\t<div class=\"o-cc-ca-ic1__title grid-x align-middle\">\n\t\t\t\t\t\t\t\t\t\t\t<div class=\"o-cc-ca-ic1__title-icon cell shrink\">\n\t\t\t\t\t\t\t\t\t\t\t\t<img loading=\"lazy\" decoding=\"async\" src=\"https:\/\/producepay.com\/wp-content\/uploads\/2024\/01\/ico-pre-Season.svg\" alt=\"https:\/\/producepay.com\/wp-content\/uploads\/2024\/01\/ico-pre-Season.svg\" width=\"35\" height=\"41\" \/>\n\t\t\t\t\t\t\t\t\t\t\t<\/div>\n\n\t\t\t\t\t\t\t\t\t\t\t\t\t\t\t\t\t\t\t\t\t\t\t<h2 class=\"o-cc-ca-ic1__title-text cell auto\">\n\t\t\t\t\t\t\t\t\t\t\t\t\tEstabilidad\t\t\t\t\t\t\t\t\t\t\t\t<\/h2>\n\t\t\t\t\t\t\t\t\t\t\t\t\t\t\t\t\t\t\t\t\t<\/div>\n\n\t\t\t\t\t\t\t\t\t\t<div class=\"o-cc-ca-ic1__text\">\n\t\t\t\t\t\t\t\t\t\t\t<p>Creamos una eficiente combinaci\u00f3n de nuestras soluciones para que los productos de calidad est\u00e9n disponibles durante todo el a\u00f1o a precios estables.<\/p>\n\t\t\t\t\t\t\t\t\t\t<\/div>\n\n\t\t\t\t\t\t\t\t\t\t\t\t\t\t\t\t\t\t\t<\/div>\n\n\t\t\t\t\t\t\t\t\t\n\t\t\t\t\t\t\t\t<\/div>\n\n\t\t\t\t\t\t\t<\/div>\n\n\t\t\t\t\t\t\n\t\t\t\t\t\n\t\t\t\t\t\t\n\t\t\t\t\t\t\t<div class=\"column-content-ca__col cell col-4\">\n\n\t\t\t\t\t\t\t\t<div class=\"o-cc-ca-ic1 \" style=\"background-color: #ffffff;\">\n\n\t\t\t\t\t\t\t\t\t<div class=\"o-cc-ca-ic1__content\">\n\t\t\t\t\t\t\t\t\t\t<div class=\"o-cc-ca-ic1__title grid-x align-middle\">\n\t\t\t\t\t\t\t\t\t\t\t<div class=\"o-cc-ca-ic1__title-icon cell shrink\">\n\t\t\t\t\t\t\t\t\t\t\t\t<img loading=\"lazy\" decoding=\"async\" src=\"https:\/\/producepay.com\/wp-content\/uploads\/2024\/01\/Market-Insights.png\" alt=\"https:\/\/producepay.com\/wp-content\/uploads\/2024\/01\/Market-Insights.png\" width=\"66\" height=\"61\" \/>\n\t\t\t\t\t\t\t\t\t\t\t<\/div>\n\n\t\t\t\t\t\t\t\t\t\t\t\t\t\t\t\t\t\t\t\t\t\t\t<h2 class=\"o-cc-ca-ic1__title-text cell auto\">\n\t\t\t\t\t\t\t\t\t\t\t\t\tCalidad\t\t\t\t\t\t\t\t\t\t\t\t<\/h2>\n\t\t\t\t\t\t\t\t\t\t\t\t\t\t\t\t\t\t\t\t\t<\/div>\n\n\t\t\t\t\t\t\t\t\t\t<div class=\"o-cc-ca-ic1__text\">\n\t\t\t\t\t\t\t\t\t\t\t<p>Contamos con agr\u00f3nomos en el campo encargados del control de calidad en cada fase, garantizando que los env\u00edos lleguen en tiempo y forma.<\/p>\n\t\t\t\t\t\t\t\t\t\t<\/div>\n\n\t\t\t\t\t\t\t\t\t\t\t\t\t\t\t\t\t\t\t<\/div>\n\n\t\t\t\t\t\t\t\t\t\n\t\t\t\t\t\t\t\t<\/div>\n\n\t\t\t\t\t\t\t<\/div>\n\n\t\t\t\t\t\t\n\t\t\t\t\t\n\t\t\t\t\t\t\n\t\t\t\t\t\t\t<div class=\"column-content-ca__col cell col-4\">\n\n\t\t\t\t\t\t\t\t<div class=\"o-cc-ca-ic1 \" style=\"background-color: #ffffff;\">\n\n\t\t\t\t\t\t\t\t\t<div class=\"o-cc-ca-ic1__content\">\n\t\t\t\t\t\t\t\t\t\t<div class=\"o-cc-ca-ic1__title grid-x align-middle\">\n\t\t\t\t\t\t\t\t\t\t\t<div class=\"o-cc-ca-ic1__title-icon cell shrink\">\n\t\t\t\t\t\t\t\t\t\t\t\t<img loading=\"lazy\" decoding=\"async\" src=\"https:\/\/producepay.com\/wp-content\/uploads\/2024\/01\/ico-crop.svg\" alt=\"https:\/\/producepay.com\/wp-content\/uploads\/2024\/01\/ico-crop.svg\" width=\"25\" height=\"25\" \/>\n\t\t\t\t\t\t\t\t\t\t\t<\/div>\n\n\t\t\t\t\t\t\t\t\t\t\t\t\t\t\t\t\t\t\t\t\t\t\t<h2 class=\"o-cc-ca-ic1__title-text cell auto\">\n\t\t\t\t\t\t\t\t\t\t\t\t\tEficiencia\t\t\t\t\t\t\t\t\t\t\t\t<\/h2>\n\t\t\t\t\t\t\t\t\t\t\t\t\t\t\t\t\t\t\t\t\t<\/div>\n\n\t\t\t\t\t\t\t\t\t\t<div class=\"o-cc-ca-ic1__text\">\n\t\t\t\t\t\t\t\t\t\t\t<p>Redefinimos la cadena de suministro, reduciendo el desperdicio y optimizando los recursos.<\/p>\n\t\t\t\t\t\t\t\t\t\t<\/div>\n\n\t\t\t\t\t\t\t\t\t\t\t\t\t\t\t\t\t\t\t<\/div>\n\n\t\t\t\t\t\t\t\t\t\n\t\t\t\t\t\t\t\t<\/div>\n\n\t\t\t\t\t\t\t<\/div>\n\n\t\t\t\t\t\t\n\t\t\t\t\t\n\t\t\t\t<\/div>\n\t\t\t<\/div>\n\n\t\t\t\n\t\t<\/div>\n\t<\/div>\n<\/section>\n\n\t<div class=\"flexspace desktop tablet mobile\" style=\"padding-bottom: 6.5rem;\"><\/div>\n\n\n<\/div>\n\n\t<div class=\"flexspace desktop tablet mobile\" style=\"padding-bottom: 6.5rem;\"><\/div>\n\n\n\n<section class=\"content-d2 text-center  \" style=\"\">\n\t<div class=\"content-d2__grid grid-x align-center grid-container\">\n\t\t<div class=\"content-d2__cell cell small-10 medium-11 xlarge-12\">\n\n\t\t\t<div class=\"content-d2__content\">\n\n\t\t\t\t\n\t\t\t\t\t\n\t\t\t\t\t\t<h2 class=\"content-d2__title margin-center\">\n\t\t\t\t\t\t\tEl componente humano del comercio predecible. \t\t\t\t\t\t<\/h2>\n\n\t\t\t\t\t\n\t\t\t\t\n\t\t\t\t\t\n\t\t\t\t\t\t<div class=\"content-d2__border anim-divider-expand gap-20 height-3 margin-center max-width-105\" style=\"background-color: #F3BC48;\"><\/div>\n\n\t\t\t\t\t\n\t\t\t\t\n\t\t\t<\/div>\n\n\t\t<\/div>\n\t<\/div>\n<\/section>\n\n\t<div class=\"flexspace desktop tablet mobile\" style=\"padding-bottom: 6.5rem;\"><\/div>\n\n\n\n<section class=\"content-d2 text-center  \" style=\"\">\n\t<div class=\"content-d2__grid grid-x align-center grid-container\">\n\t\t<div class=\"content-d2__cell cell small-10 medium-11 xlarge-12\">\n\n\t\t\t<div class=\"content-d2__content\">\n\n\t\t\t\t\n\t\t\t\t\t\n\t\t\t\t\t\t<div class=\"content-d2__cc col-gap-40\">\n\t\t\t\t\t\t\t<div class=\"content-d2__cc-row\">\n\t\t\t\t\t\t\t\t<div class=\"content-d2__cc-row-grid grid-x\">\n\n\t\t\t\t\t\t\t\t\t\n\t\t\t\t\t\t\t\t\t\t\n\t\t\t\t\t\t\t\t\t\t\t<div class=\"content-d2__cc-col cell col-2\">\n\t\t\t\t\t\t\t\t\t\t\t\t<div class=\"content-d2__text col-2\">\n\t\t\t\t\t\t\t\t\t\t\t\t\t<p><iframe loading=\"lazy\" title=\"Acabar el hambre mundial mediante una cadena de suministro inteligente | ProducePay y BBC StoryWorks\" width=\"500\" height=\"281\" src=\"https:\/\/www.youtube.com\/embed\/-2WRAQpJPlg?feature=oembed\" frameborder=\"0\" allow=\"accelerometer; autoplay; clipboard-write; encrypted-media; gyroscope; picture-in-picture; web-share\" referrerpolicy=\"strict-origin-when-cross-origin\" allowfullscreen><\/iframe><\/p>\n\t\t\t\t\t\t\t\t\t\t\t\t<\/div>\n\t\t\t\t\t\t\t\t\t\t\t<\/div>\n\n\t\t\t\t\t\t\t\t\t\t\n\t\t\t\t\t\t\t\t\t\n\t\t\t\t\t\t\t\t\t\t\n\t\t\t\t\t\t\t\t\t\t\t<div class=\"content-d2__cc-col cell col-2\">\n\t\t\t\t\t\t\t\t\t\t\t\t<div class=\"content-d2__text col-2\">\n\t\t\t\t\t\t\t\t\t\t\t\t\t<p style=\"text-align: left;\">Cerca del 60% del valor de la cadena de suministro se pierde en forma de desperdicio econ\u00f3mico o de alimentos. Nuestro episodio en \u00abThe Human Component\u00bb, una serie en l\u00ednea producida por BBC Storyworks, demuestra c\u00f3mo estamos haciendo frente a este desaf\u00edo.<\/p>\n<p style=\"text-align: left;\">Descubre c\u00f3mo la tecnolog\u00eda empodera a productores, distribuidores y retailers a tener mayor control de sus negocios, mejorar la coordniaci\u00f3n entre ellos y construir una cadena de suministro m\u00e1s predecible.<\/p>\n<p style=\"text-align: left;\"><a  class=\"btn btn--default\" href=\"https:\/\/www.bbc.com\/storyworks\/the-human-component\/produce-pay\">M\u00e1s informaci\u00f3n<\/a><\/p>\n\t\t\t\t\t\t\t\t\t\t\t\t<\/div>\n\t\t\t\t\t\t\t\t\t\t\t<\/div>\n\n\t\t\t\t\t\t\t\t\t\t\n\t\t\t\t\t\t\t\t\t\n\t\t\t\t\t\t\t\t<\/div>\n\t\t\t\t\t\t\t<\/div>\n\t\t\t\t\t\t<\/div>\n\n\t\t\t\t\t\n\t\t\t\t\n\t\t\t<\/div>\n\n\t\t<\/div>\n\t<\/div>\n<\/section>\n\n\t<div class=\"flexspace desktop\" style=\"padding-bottom: 10rem;\"><\/div>\n\t<div class=\"flexspace tablet mobile\" style=\"padding-bottom: 6rem;\"><\/div>\n\n\n\n<style>#banner-pc-id-339673 .banner-pc__title { font-size: 4rem; }<\/style>\n<section id=\"banner-pc-id-339673\" class=\"banner-pc layout-hero right-content enable-curve\" style=\"background-color: #fdf9f0; \">\n\n\t<div class=\"banner-pc__grid grid-container grid-x align-center\">\n\t\t<div class=\"banner-pc__cell grid-x cell small-10 medium-11 xlarge-12 align-middle\">\n\n\t\t\t<div class=\"banner-pc__content cell\">\n\t\t\t\t\n\t\t\t\t\t\n\t\t\t\t\t\t<h1 class=\"banner-pc__title \">\n\t\t\t\t\t\t\t<span style=\"color: #434343;\">Nuestro Programa de<br>Comercio Predecible.<\/span>\t\t\t\t\t\t<\/h1>\n\n\t\t\t\t\t\n\t\t\t\t\n\t\t\t\t\t\n\t\t\t\t\t\t\t\t\t\t\t\t<div class=\"banner-pc__text \">\n\t\t\t\t\t\t\t<p><span style=\"color: #434343;\">Nos asociamos con los principales distribuidores del mundo para crear programas que integren a toda la cadena de suministro y crear un suministro estable los 365 del a\u00f1o, gracias a nuestra amplia red de productores sustentables.<\/span><\/p>\n<p><span style=\"color: #434343;\">Nuestros programas otorgan a productores de capital estrat\u00e9gico para crecer. De esta forma, estamos alineando la demanda de los compradores con la oferta de los productores, para reducir radicalmente el desperdicio desde el campo hasta la mesa.<\/span><\/p>\n<p><a  class=\"btn btn--default\" href=\"https:\/\/producepay.com\/es\/contact-us\/\">Habla con un experto<\/a><\/p>\n\t\t\t\t\t\t<\/div>\n\n\t\t\t\t\t\n\t\t\t\t\t\t\t<\/div>\n\n\t\t<\/div>\n\t<\/div>\n\n\t<div class=\"banner-pc__media\">\n\t\t\t\t\t<div class=\"banner-pc__media-curve\" style=\"border-color: #fdf9f0;\"><\/div>\n\t\t\n\t\t\n\t\t\n\t\t\t<div class=\"banner-pc__img\">\n\t\t\t\t<div class=\"banner-pc__img-bg\" style=\"background-image: url('https:\/\/producepay.com\/wp-content\/uploads\/2024\/01\/nick-fewings-gpP-OkJ5BbI-unsplash-1.png');\">\n\t\t\t\t\t<img loading=\"lazy\" decoding=\"async\" style=\"object-position: center center;\" src=\"https:\/\/producepay.com\/wp-content\/uploads\/2024\/01\/nick-fewings-gpP-OkJ5BbI-unsplash-1.png\" alt=\"nick-fewings-gpP-OkJ5BbI-unsplash 1\" width=\"703\" height=\"594\">\n\t\t\t\t<\/div>\n\t\t\t<\/div>\n\n\t\t\t<\/div>\n\n<\/section>","protected":false},"excerpt":{"rendered":"","protected":false},"author":34,"featured_media":0,"parent":0,"menu_order":0,"comment_status":"closed","ping_status":"closed","template":"","meta":{"_acf_changed":false,"footnotes":""},"categories":[],"tags":[],"class_list":["post-23713","page","type-page","status-publish","hentry"],"acf":[],"yoast_head":"<!-- This site is optimized with the Yoast SEO Premium plugin v24.3 (Yoast SEO v27.5) - https:\/\/yoast.com\/product\/yoast-seo-premium-wordpress\/ -->\n<title>Predictable Commerce - ProducePay<\/title>\n<meta name=\"robots\" content=\"index, follow, max-snippet:-1, max-image-preview:large, max-video-preview:-1\" \/>\n<link rel=\"canonical\" href=\"https:\/\/producepay.com\/es\/predictable-commerce\/\" \/>\n<meta property=\"og:locale\" content=\"es_ES\" \/>\n<meta property=\"og:type\" content=\"article\" \/>\n<meta property=\"og:title\" content=\"Predictable Commerce\" \/>\n<meta property=\"og:url\" content=\"https:\/\/producepay.com\/es\/predictable-commerce\/\" \/>\n<meta property=\"og:site_name\" content=\"ProducePay\" \/>\n<meta property=\"article:modified_time\" content=\"2026-03-19T18:53:07+00:00\" \/>\n<meta name=\"twitter:card\" content=\"summary_large_image\" \/>\n<script type=\"application\/ld+json\" class=\"yoast-schema-graph\">{\"@context\":\"https:\\\/\\\/schema.org\",\"@graph\":[{\"@type\":\"WebPage\",\"@id\":\"https:\\\/\\\/producepay.com\\\/es\\\/predictable-commerce\\\/\",\"url\":\"https:\\\/\\\/producepay.com\\\/es\\\/predictable-commerce\\\/\",\"name\":\"Predictable Commerce - ProducePay\",\"isPartOf\":{\"@id\":\"https:\\\/\\\/producepay.wpenginepowered.com\\\/#website\"},\"datePublished\":\"2024-01-24T15:52:49+00:00\",\"dateModified\":\"2026-03-19T18:53:07+00:00\",\"breadcrumb\":{\"@id\":\"https:\\\/\\\/producepay.com\\\/es\\\/predictable-commerce\\\/#breadcrumb\"},\"inLanguage\":\"es\",\"potentialAction\":[{\"@type\":\"ReadAction\",\"target\":[\"https:\\\/\\\/producepay.com\\\/es\\\/predictable-commerce\\\/\"]}]},{\"@type\":\"BreadcrumbList\",\"@id\":\"https:\\\/\\\/producepay.com\\\/es\\\/predictable-commerce\\\/#breadcrumb\",\"itemListElement\":[{\"@type\":\"ListItem\",\"position\":1,\"name\":\"Home\",\"item\":\"https:\\\/\\\/producepay.com\\\/es\\\/\"},{\"@type\":\"ListItem\",\"position\":2,\"name\":\"Predictable Commerce\"}]},{\"@type\":\"WebSite\",\"@id\":\"https:\\\/\\\/producepay.wpenginepowered.com\\\/#website\",\"url\":\"https:\\\/\\\/producepay.wpenginepowered.com\\\/\",\"name\":\"ProducePay\",\"description\":\"\",\"potentialAction\":[{\"@type\":\"SearchAction\",\"target\":{\"@type\":\"EntryPoint\",\"urlTemplate\":\"https:\\\/\\\/producepay.wpenginepowered.com\\\/?s={search_term_string}\"},\"query-input\":{\"@type\":\"PropertyValueSpecification\",\"valueRequired\":true,\"valueName\":\"search_term_string\"}}],\"inLanguage\":\"es\"}]}<\/script>\n<!-- \/ Yoast SEO Premium plugin. -->","yoast_head_json":{"title":"Predictable Commerce - ProducePay","robots":{"index":"index","follow":"follow","max-snippet":"max-snippet:-1","max-image-preview":"max-image-preview:large","max-video-preview":"max-video-preview:-1"},"canonical":"https:\/\/producepay.com\/es\/predictable-commerce\/","og_locale":"es_ES","og_type":"article","og_title":"Predictable Commerce","og_url":"https:\/\/producepay.com\/es\/predictable-commerce\/","og_site_name":"ProducePay","article_modified_time":"2026-03-19T18:53:07+00:00","twitter_card":"summary_large_image","schema":{"@context":"https:\/\/schema.org","@graph":[{"@type":"WebPage","@id":"https:\/\/producepay.com\/es\/predictable-commerce\/","url":"https:\/\/producepay.com\/es\/predictable-commerce\/","name":"Predictable Commerce - ProducePay","isPartOf":{"@id":"https:\/\/producepay.wpenginepowered.com\/#website"},"datePublished":"2024-01-24T15:52:49+00:00","dateModified":"2026-03-19T18:53:07+00:00","breadcrumb":{"@id":"https:\/\/producepay.com\/es\/predictable-commerce\/#breadcrumb"},"inLanguage":"es","potentialAction":[{"@type":"ReadAction","target":["https:\/\/producepay.com\/es\/predictable-commerce\/"]}]},{"@type":"BreadcrumbList","@id":"https:\/\/producepay.com\/es\/predictable-commerce\/#breadcrumb","itemListElement":[{"@type":"ListItem","position":1,"name":"Home","item":"https:\/\/producepay.com\/es\/"},{"@type":"ListItem","position":2,"name":"Predictable Commerce"}]},{"@type":"WebSite","@id":"https:\/\/producepay.wpenginepowered.com\/#website","url":"https:\/\/producepay.wpenginepowered.com\/","name":"ProducePay","description":"","potentialAction":[{"@type":"SearchAction","target":{"@type":"EntryPoint","urlTemplate":"https:\/\/producepay.wpenginepowered.com\/?s={search_term_string}"},"query-input":{"@type":"PropertyValueSpecification","valueRequired":true,"valueName":"search_term_string"}}],"inLanguage":"es"}]}},"_links":{"self":[{"href":"https:\/\/producepay.com\/es\/wp-json\/wp\/v2\/pages\/23713","targetHints":{"allow":["GET"]}}],"collection":[{"href":"https:\/\/producepay.com\/es\/wp-json\/wp\/v2\/pages"}],"about":[{"href":"https:\/\/producepay.com\/es\/wp-json\/wp\/v2\/types\/page"}],"author":[{"embeddable":true,"href":"https:\/\/producepay.com\/es\/wp-json\/wp\/v2\/users\/34"}],"replies":[{"embeddable":true,"href":"https:\/\/producepay.com\/es\/wp-json\/wp\/v2\/comments?post=23713"}],"version-history":[{"count":2,"href":"https:\/\/producepay.com\/es\/wp-json\/wp\/v2\/pages\/23713\/revisions"}],"predecessor-version":[{"id":33390,"href":"https:\/\/producepay.com\/es\/wp-json\/wp\/v2\/pages\/23713\/revisions\/33390"}],"wp:attachment":[{"href":"https:\/\/producepay.com\/es\/wp-json\/wp\/v2\/media?parent=23713"}],"wp:term":[{"taxonomy":"category","embeddable":true,"href":"https:\/\/producepay.com\/es\/wp-json\/wp\/v2\/categories?post=23713"},{"taxonomy":"post_tag","embeddable":true,"href":"https:\/\/producepay.com\/es\/wp-json\/wp\/v2\/tags?post=23713"}],"curies":[{"name":"wp","href":"https:\/\/api.w.org\/{rel}","templated":true}]}}